{"id":5212,"date":"2023-11-09T19:45:34","date_gmt":"2023-11-09T18:45:34","guid":{"rendered":"https:\/\/synastry.qodeinteractive.com\/?page_id=5212"},"modified":"2024-03-04T03:40:29","modified_gmt":"2024-03-04T02:40:29","slug":"bientot","status":"publish","type":"page","link":"https:\/\/bella-arcana.fr\/","title":{"rendered":"Bient\u00f4t"},"content":{"rendered":"\t\t<div data-elementor-type=\"wp-page\" data-elementor-id=\"5212\" class=\"elementor elementor-5212\">\n\t\t\t\t\t\t<section class=\"elementor-section elementor-top-section elementor-element elementor-element-86c982f elementor-section-full_width qodef-elementor-content-grid elementor-section-height-full elementor-section-height-default elementor-section-items-middle\" data-id=\"86c982f\" data-element_type=\"section\">\n\t\t\t\t\t\t<div class=\"elementor-container elementor-column-gap-default\">\n\t\t\t\t\t<div class=\"elementor-column elementor-col-100 elementor-top-column elementor-element elementor-element-efa6b7c\" data-id=\"efa6b7c\" data-element_type=\"column\">\n\t\t\t<div class=\"elementor-widget-wrap elementor-element-populated\">\n\t\t\t\t\t\t<div class=\"elementor-element elementor-element-c5322fe elementor-widget elementor-widget-synastry_core_section_title\" data-id=\"c5322fe\" data-element_type=\"widget\" data-widget_type=\"synastry_core_section_title.default\">\n\t\t\t\t<div class=\"elementor-widget-container\">\n\t\t\t<div class=\"qodef-shortcode qodef-m  qodef-section-title qodef-alignment--center \">\n\t\t<h1 class=\"qodef-m-title\" >\n\t\t\t\t\tBient\u00f4t sur votre chemin\t\t\t<\/h1>\n\t\t<p class=\"qodef-m-subtitle\" style=\"margin-top: 15px\">Le Site de L\u2019Outil de Tout Voyageur de l\u2019Evolution<\/p>\n<\/div>\n\t\t<\/div>\n\t\t\t\t<\/div>\n\t\t\t\t<div class=\"elementor-element elementor-element-64db256 elementor-widget elementor-widget-synastry_core_countdown\" data-id=\"64db256\" data-element_type=\"widget\" data-widget_type=\"synastry_core_countdown.default\">\n\t\t\t\t<div class=\"elementor-widget-container\">\n\t\t\t<div class=\"qodef-shortcode qodef-m  qodef-countdown qodef-show--5 qodef-countdown--light qodef-layout--simple\" data-date=\"2024\/09\/01 12:00:00\" data-week-label=\"Week\" data-week-label-plural=\"Weeks\" data-day-label=\"Day\" data-day-label-plural=\"Days\" data-hour-label=\"Hour\" data-hour-label-plural=\"Hours\" data-minute-label=\"Minute\" data-minute-label-plural=\"Minutes\" data-second-label=\"Second\" data-second-label-plural=\"Seconds\">\n\t<span class=\"qodef-m-date\">\n\t\t<span class=\"qodef-digit-wrapper qodef-weeks\">\n\t\t\t<span class=\"qodef-digit\">00<\/span>\n\t\t\t<span class=\"qodef-label\">Weeks<\/span>\n\t\t<\/span>\n\t\t<span class=\"qodef-digit-wrapper qodef-days\">\n\t\t\t<span class=\"qodef-digit\">00<\/span>\n\t\t\t<span class=\"qodef-label\">Days<\/span>\n\t\t<\/span>\n\t\t<span class=\"qodef-digit-wrapper qodef-hours\">\n\t\t\t<span class=\"qodef-digit\">00<\/span>\n\t\t\t<span class=\"qodef-label\">Hours<\/span>\n\t\t<\/span>\n\t\t<span class=\"qodef-digit-wrapper qodef-minutes\">\n\t\t\t<span class=\"qodef-digit\">00<\/span>\n\t\t\t<span class=\"qodef-label\">Minutes<\/span>\n\t\t<\/span>\n\t\t<span class=\"qodef-digit-wrapper qodef-seconds\">\n\t\t\t<span class=\"qodef-digit\">00<\/span>\n\t\t\t<span class=\"qodef-label\">Seconds<\/span>\n\t\t<\/span>\n\t<\/span>\n<\/div>\n\t\t<\/div>\n\t\t\t\t<\/div>\n\t\t\t\t<div class=\"elementor-element elementor-element-1b6af8c elementor-widget elementor-widget-synastry_core_button\" data-id=\"1b6af8c\" data-element_type=\"widget\" data-widget_type=\"synastry_core_button.default\">\n\t\t\t\t<div class=\"elementor-widget-container\">\n\t\t\t<a class=\"qodef-shortcode qodef-m  qodef-button qodef-layout--filled  qodef-html--link \" href=\"mailto:bella.ismerie@bella-arcana.fr\" target=\"_blank\"  style=\"padding: 15px 41px\">\n    <span class=\"qodef-m-icon\"><svg class=\"qodef-svg--btn-icon\" xmlns=\"http:\/\/www.w3.org\/2000\/svg\" width=\"12\" height=\"16\"><path d=\"M11.853 8.22a8.725 8.725 0 0 1-3.738-1.738c-1.119-1.122-1.7-4.435-2-6.312a.19.19 0 0 0-.379.005c-.264 1.924-.845 5.4-2.121 6.584A7.965 7.965 0 0 1 .147 8.252a.208.208 0 0 0 0 .4 8.083 8.083 0 0 1 3.86 1.946c.957 1.047 1.448 3.625 1.7 5.232a.19.19 0 0 0 .379-.005c.232-1.6.7-4.177 1.637-5.227a8.114 8.114 0 0 1 4.121-1.978.208.208 0 0 0 .009-.4Z\" fill=\"currentColor\"\/><\/svg><\/span>\n    <span class=\"qodef-m-text\">Contactez moi<\/span>\n<\/a>\n\t\t<\/div>\n\t\t\t\t<\/div>\n\t\t\t\t\t<\/div>\n\t\t<\/div>\n\t\t\t\t\t<\/div>\n\t\t<\/section>\n\t\t\t\t<section class=\"elementor-section elementor-top-section elementor-element elementor-element-b822cb3 elementor-section-full_width elementor-section-content-middle elementor-section-height-default elementor-section-height-default\" data-id=\"b822cb3\" data-element_type=\"section\">\n\t\t\t\t\t\t<div class=\"elementor-container elementor-column-gap-default\">\n\t\t\t\t\t<div class=\"elementor-column elementor-col-100 elementor-top-column elementor-element elementor-element-d6cd941\" data-id=\"d6cd941\" data-element_type=\"column\">\n\t\t\t<div class=\"elementor-widget-wrap elementor-element-populated\">\n\t\t\t\t\t\t<section class=\"elementor-section elementor-inner-section elementor-element elementor-element-4692386 elementor-section-full_width elementor-section-content-middle elementor-section-height-default elementor-section-height-default\" data-id=\"4692386\" data-element_type=\"section\">\n\t\t\t\t\t\t<div class=\"elementor-container elementor-column-gap-default\">\n\t\t\t\t\t<div class=\"elementor-column elementor-col-25 elementor-inner-column elementor-element elementor-element-ca0ca56\" data-id=\"ca0ca56\" data-element_type=\"column\">\n\t\t\t<div class=\"elementor-widget-wrap elementor-element-populated\">\n\t\t\t\t\t\t<div class=\"elementor-element elementor-element-e016a0a elementor-widget elementor-widget-text-editor\" data-id=\"e016a0a\" data-element_type=\"widget\" data-widget_type=\"text-editor.default\">\n\t\t\t\t<div class=\"elementor-widget-container\">\n\t\t\t<style>\/*! elementor - v3.19.0 - 28-02-2024 *\/\n.elementor-widget-text-editor.elementor-drop-cap-view-stacked .elementor-drop-cap{background-color:#69727d;color:#fff}.elementor-widget-text-editor.elementor-drop-cap-view-framed .elementor-drop-cap{color:#69727d;border:3px solid;background-color:transparent}.elementor-widget-text-editor:not(.elementor-drop-cap-view-default) .elementor-drop-cap{margin-top:8px}.elementor-widget-text-editor:not(.elementor-drop-cap-view-default) .elementor-drop-cap-letter{width:1em;height:1em}.elementor-widget-text-editor .elementor-drop-cap{float:left;text-align:center;line-height:1;font-size:50px}.elementor-widget-text-editor .elementor-drop-cap-letter{display:inline-block}<\/style>\t\t\t\t<p>\u00a9 2024 <a href=\"https:\/\/www.bella-r-evolution.com\/\" target=\"_blank\" rel=\"nofollow noopener\">Bella Ism\u00e9rie<\/a>, Tous Droits R\u00e9serv\u00e9s<\/p>\t\t\t\t\t\t<\/div>\n\t\t\t\t<\/div>\n\t\t\t\t\t<\/div>\n\t\t<\/div>\n\t\t\t\t<div class=\"elementor-column elementor-col-25 elementor-inner-column elementor-element elementor-element-b2b49fb elementor-hidden-mobile\" data-id=\"b2b49fb\" data-element_type=\"column\">\n\t\t\t<div class=\"elementor-widget-wrap elementor-element-populated\">\n\t\t\t\t\t\t<div class=\"elementor-element elementor-element-a835e62 elementor-widget-divider--view-line elementor-widget elementor-widget-divider\" data-id=\"a835e62\" data-element_type=\"widget\" data-widget_type=\"divider.default\">\n\t\t\t\t<div class=\"elementor-widget-container\">\n\t\t\t<style>\/*! elementor - v3.19.0 - 28-02-2024 *\/\n.elementor-widget-divider{--divider-border-style:none;--divider-border-width:1px;--divider-color:#0c0d0e;--divider-icon-size:20px;--divider-element-spacing:10px;--divider-pattern-height:24px;--divider-pattern-size:20px;--divider-pattern-url:none;--divider-pattern-repeat:repeat-x}.elementor-widget-divider .elementor-divider{display:flex}.elementor-widget-divider .elementor-divider__text{font-size:15px;line-height:1;max-width:95%}.elementor-widget-divider .elementor-divider__element{margin:0 var(--divider-element-spacing);flex-shrink:0}.elementor-widget-divider .elementor-icon{font-size:var(--divider-icon-size)}.elementor-widget-divider .elementor-divider-separator{display:flex;margin:0;direction:ltr}.elementor-widget-divider--view-line_icon .elementor-divider-separator,.elementor-widget-divider--view-line_text .elementor-divider-separator{align-items:center}.elementor-widget-divider--view-line_icon .elementor-divider-separator:after,.elementor-widget-divider--view-line_icon .elementor-divider-separator:before,.elementor-widget-divider--view-line_text .elementor-divider-separator:after,.elementor-widget-divider--view-line_text .elementor-divider-separator:before{display:block;content:\"\";border-block-end:0;flex-grow:1;border-block-start:var(--divider-border-width) var(--divider-border-style) var(--divider-color)}.elementor-widget-divider--element-align-left .elementor-divider .elementor-divider-separator>.elementor-divider__svg:first-of-type{flex-grow:0;flex-shrink:100}.elementor-widget-divider--element-align-left .elementor-divider-separator:before{content:none}.elementor-widget-divider--element-align-left .elementor-divider__element{margin-left:0}.elementor-widget-divider--element-align-right .elementor-divider .elementor-divider-separator>.elementor-divider__svg:last-of-type{flex-grow:0;flex-shrink:100}.elementor-widget-divider--element-align-right .elementor-divider-separator:after{content:none}.elementor-widget-divider--element-align-right .elementor-divider__element{margin-right:0}.elementor-widget-divider--element-align-start .elementor-divider .elementor-divider-separator>.elementor-divider__svg:first-of-type{flex-grow:0;flex-shrink:100}.elementor-widget-divider--element-align-start .elementor-divider-separator:before{content:none}.elementor-widget-divider--element-align-start .elementor-divider__element{margin-inline-start:0}.elementor-widget-divider--element-align-end .elementor-divider .elementor-divider-separator>.elementor-divider__svg:last-of-type{flex-grow:0;flex-shrink:100}.elementor-widget-divider--element-align-end .elementor-divider-separator:after{content:none}.elementor-widget-divider--element-align-end .elementor-divider__element{margin-inline-end:0}.elementor-widget-divider:not(.elementor-widget-divider--view-line_text):not(.elementor-widget-divider--view-line_icon) .elementor-divider-separator{border-block-start:var(--divider-border-width) var(--divider-border-style) var(--divider-color)}.elementor-widget-divider--separator-type-pattern{--divider-border-style:none}.elementor-widget-divider--separator-type-pattern.elementor-widget-divider--view-line .elementor-divider-separator,.elementor-widget-divider--separator-type-pattern:not(.elementor-widget-divider--view-line) .elementor-divider-separator:after,.elementor-widget-divider--separator-type-pattern:not(.elementor-widget-divider--view-line) .elementor-divider-separator:before,.elementor-widget-divider--separator-type-pattern:not([class*=elementor-widget-divider--view]) .elementor-divider-separator{width:100%;min-height:var(--divider-pattern-height);-webkit-mask-size:var(--divider-pattern-size) 100%;mask-size:var(--divider-pattern-size) 100%;-webkit-mask-repeat:var(--divider-pattern-repeat);mask-repeat:var(--divider-pattern-repeat);background-color:var(--divider-color);-webkit-mask-image:var(--divider-pattern-url);mask-image:var(--divider-pattern-url)}.elementor-widget-divider--no-spacing{--divider-pattern-size:auto}.elementor-widget-divider--bg-round{--divider-pattern-repeat:round}.rtl .elementor-widget-divider .elementor-divider__text{direction:rtl}.e-con-inner>.elementor-widget-divider,.e-con>.elementor-widget-divider{width:var(--container-widget-width,100%);--flex-grow:var(--container-widget-flex-grow)}<\/style>\t\t<div class=\"elementor-divider\">\n\t\t\t<span class=\"elementor-divider-separator\">\n\t\t\t\t\t\t<\/span>\n\t\t<\/div>\n\t\t\t\t<\/div>\n\t\t\t\t<\/div>\n\t\t\t\t\t<\/div>\n\t\t<\/div>\n\t\t\t\t<div class=\"elementor-column elementor-col-25 elementor-inner-column elementor-element elementor-element-2e32e92\" data-id=\"2e32e92\" data-element_type=\"column\">\n\t\t\t<div class=\"elementor-widget-wrap elementor-element-populated\">\n\t\t\t\t\t\t<div class=\"elementor-element elementor-element-74d80fe elementor-widget elementor-widget-text-editor\" data-id=\"74d80fe\" data-element_type=\"widget\" data-widget_type=\"text-editor.default\">\n\t\t\t\t<div class=\"elementor-widget-container\">\n\t\t\t\t\t\t\t<p>Suivez moi sur les r\u00e9seaux<\/p>\t\t\t\t\t\t<\/div>\n\t\t\t\t<\/div>\n\t\t\t\t\t<\/div>\n\t\t<\/div>\n\t\t\t\t<div class=\"elementor-column elementor-col-25 elementor-inner-column elementor-element elementor-element-3e25177\" data-id=\"3e25177\" data-element_type=\"column\">\n\t\t\t<div class=\"elementor-widget-wrap elementor-element-populated\">\n\t\t\t\t\t\t<div class=\"elementor-element elementor-element-9709abe elementor-widget__width-auto elementor-widget elementor-widget-wp-widget-synastry_core_icon\" data-id=\"9709abe\" data-element_type=\"widget\" data-widget_type=\"wp-widget-synastry_core_icon.default\">\n\t\t\t\t<div class=\"elementor-widget-container\">\n\t\t\t<span class=\"qodef-shortcode qodef-m  qodef-icon-holder qodef-size--default qodef-layout--normal\"  >\t\t\t<a itemprop=\"url\" href=\"https:\/\/www.facebook.com\/bella.r.evolutionn\/\" target=\"_blank\">\t\t\t<span class=\"qodef-icon-font-awesome fab fa-facebook-f qodef-icon qodef-e\" style=\"color: #CA9D75;font-size: 15px\" ><\/span>\t\t\t<\/a>\t<\/span>\t\t<\/div>\n\t\t\t\t<\/div>\n\t\t\t\t<div class=\"elementor-element elementor-element-4868b93 elementor-widget__width-auto elementor-widget elementor-widget-wp-widget-synastry_core_icon\" data-id=\"4868b93\" data-element_type=\"widget\" data-widget_type=\"wp-widget-synastry_core_icon.default\">\n\t\t\t\t<div class=\"elementor-widget-container\">\n\t\t\t<span class=\"qodef-shortcode qodef-m  qodef-icon-holder qodef-size--default qodef-layout--normal\"  >\t\t\t<a itemprop=\"url\" href=\"https:\/\/www.instagram.com\/bella.ismerie\" target=\"_blank\">\t\t\t<span class=\"qodef-icon-font-awesome fab fa-instagram qodef-icon qodef-e\" style=\"color: #CA9D75;font-size: 15px\" ><\/span>\t\t\t<\/a>\t<\/span>\t\t<\/div>\n\t\t\t\t<\/div>\n\t\t\t\t\t<\/div>\n\t\t<\/div>\n\t\t\t\t\t<\/div>\n\t\t<\/section>\n\t\t\t\t\t<\/div>\n\t\t<\/div>\n\t\t\t\t\t<\/div>\n\t\t<\/section>\n\t\t\t\t<\/div>\n\t\t","protected":false},"excerpt":{"rendered":"<p>Bient\u00f4t sur votre chemin Le Site de L\u2019Outil de Tout Voyageur de l\u2019Evolution 00 Weeks 00 Days 00 Hours 00 Minutes 00 Seconds Contactez moi \u00a9 2024 Bella Ism\u00e9rie, Tous Droits R\u00e9serv\u00e9s Suivez moi sur les r\u00e9seaux<\/p>\n","protected":false},"author":1,"featured_media":0,"parent":0,"menu_order":0,"comment_status":"closed","ping_status":"closed","template":"page-full-width.php","meta":{"footnotes":""},"class_list":["post-5212","page","type-page","status-publish","hentry"],"_links":{"self":[{"href":"https:\/\/bella-arcana.fr\/index.php\/wp-json\/wp\/v2\/pages\/5212"}],"collection":[{"href":"https:\/\/bella-arcana.fr\/index.php\/wp-json\/wp\/v2\/pages"}],"about":[{"href":"https:\/\/bella-arcana.fr\/index.php\/wp-json\/wp\/v2\/types\/page"}],"author":[{"embeddable":true,"href":"https:\/\/bella-arcana.fr\/index.php\/wp-json\/wp\/v2\/users\/1"}],"replies":[{"embeddable":true,"href":"https:\/\/bella-arcana.fr\/index.php\/wp-json\/wp\/v2\/comments?post=5212"}],"version-history":[{"count":32,"href":"https:\/\/bella-arcana.fr\/index.php\/wp-json\/wp\/v2\/pages\/5212\/revisions"}],"predecessor-version":[{"id":9862,"href":"https:\/\/bella-arcana.fr\/index.php\/wp-json\/wp\/v2\/pages\/5212\/revisions\/9862"}],"wp:attachment":[{"href":"https:\/\/bella-arcana.fr\/index.php\/wp-json\/wp\/v2\/media?parent=5212"}],"curies":[{"name":"wp","href":"https:\/\/api.w.org\/{rel}","templated":true}]}}