{"id":3194,"date":"2023-03-31T12:01:17","date_gmt":"2023-03-31T12:01:17","guid":{"rendered":"https:\/\/synastry.qodeinteractive.com\/?page_id=3194"},"modified":"2024-03-04T03:40:05","modified_gmt":"2024-03-04T02:40:05","slug":"accueil","status":"publish","type":"page","link":"https:\/\/bella-arcana.fr\/index.php\/accueil\/","title":{"rendered":"Accueil"},"content":{"rendered":"\t\t<div data-elementor-type=\"wp-page\" data-elementor-id=\"3194\" class=\"elementor elementor-3194\">\n\t\t\t\t\t\t<section class=\"elementor-section elementor-top-section elementor-element elementor-element-ee92732 elementor-section-full_width elementor-section-height-default elementor-section-height-default\" data-id=\"ee92732\" data-element_type=\"section\">\n\t\t\t\t\t\t<div class=\"elementor-container elementor-column-gap-default\">\n\t\t\t\t\t<div class=\"elementor-column elementor-col-100 elementor-top-column elementor-element elementor-element-1d4b34b\" data-id=\"1d4b34b\" data-element_type=\"column\" data-settings=\"{&quot;background_background&quot;:&quot;classic&quot;}\">\n\t\t\t<div class=\"elementor-widget-wrap elementor-element-populated\">\n\t\t\t\t\t\t<div class=\"elementor-element elementor-element-7b809a7 elementor-widget elementor-widget-synastry_core_text_marquee\" data-id=\"7b809a7\" data-element_type=\"widget\" data-widget_type=\"synastry_core_text_marquee.default\">\n\t\t\t\t<div class=\"elementor-widget-container\">\n\t\t\t<div class=\"qodef-shortcode qodef-m  qodef-text-marquee qodef-text-marquee-202 qodef-layout--default qodef-direction--left \" style=\"--qode-marquee-duration:45s\">\n\t<div class=\"qodef-m-content\" >\n\t\t<div class=\"qodef-m-content-inner\">\n\t\t\t\n\t\t\t\t\t\t\t<span class=\"qodef-m-text-2\" >\n\t\t\t\t\t&quot; Il d\u00e9pend de celui qui passe - Que je sois tombe ou tr\u00e9sor - Que je parle ou me taise - Ceci ne tient qu&#039;\u00e0 toi - Ami n&#039;entre pas sans d\u00e9sir. &quot; (Paul Val\u00e9ry)\t\t\t\t<\/span>\n\t\t\t\t\t\t\t\t\t<span class=\"qodef-m-separator\" >\n\t\t\t\t\t<svg class=\"qodef-svg--marquee-star\" xmlns=\"http:\/\/www.w3.org\/2000\/svg\" width=\"18\" height=\"22\" viewBox=\"0 0 18 22\"><path d=\"M17.78 11.302c-1.648-.392-4.2-1.1-5.606-2.389C10.496 7.37 9.629 2.813 9.18.234a.289.289 0 0 0-.568.007c-.4 2.646-1.267 7.425-3.181 9.052a12.531 12.531 0 0 1-5.2 2.052.28.28 0 0 0 0 .55c1.663.385 4.268 1.151 5.79 2.675 1.435 1.44 2.172 4.984 2.553 7.194a.289.289 0 0 0 .568-.007c.348-2.2 1.043-5.743 2.456-7.187 1.581-1.613 4.437-2.368 6.182-2.719a.281.281 0 0 0 0-.549Z\" \/><\/svg>\t\t\t\t<\/span>\n\t\t\t\t\t\t\t\t\t\t\t\t\t\t<span class=\"qodef-m-text-3\" >\n\t\t\t\t\tBienvenue dans le monde des Arcanes cher.e \u00c9vonaute\t\t\t\t<\/span>\n\t\t\t\t\t\t\t\t\t<span class=\"qodef-m-separator\" >\n\t\t\t\t\t<svg class=\"qodef-svg--marquee-star\" xmlns=\"http:\/\/www.w3.org\/2000\/svg\" width=\"18\" height=\"22\" viewBox=\"0 0 18 22\"><path d=\"M17.78 11.302c-1.648-.392-4.2-1.1-5.606-2.389C10.496 7.37 9.629 2.813 9.18.234a.289.289 0 0 0-.568.007c-.4 2.646-1.267 7.425-3.181 9.052a12.531 12.531 0 0 1-5.2 2.052.28.28 0 0 0 0 .55c1.663.385 4.268 1.151 5.79 2.675 1.435 1.44 2.172 4.984 2.553 7.194a.289.289 0 0 0 .568-.007c.348-2.2 1.043-5.743 2.456-7.187 1.581-1.613 4.437-2.368 6.182-2.719a.281.281 0 0 0 0-.549Z\" \/><\/svg>\t\t\t\t<\/span>\n\t\t\t\t\t\t\t\n\t\t\t\n\t\t\t\n\t\t\t\n\t\t\t\t\t<\/div>\n\t<\/div>\n<\/div>\n\t\t<\/div>\n\t\t\t\t<\/div>\n\t\t\t\t\t<\/div>\n\t\t<\/div>\n\t\t\t\t\t<\/div>\n\t\t<\/section>\n\t\t\t\t<section class=\"elementor-section elementor-top-section elementor-element elementor-element-ee5c8d7 elementor-section-full_width elementor-section-height-min-height qodef-elementor-content-grid elementor-section-height-default elementor-section-items-middle\" data-id=\"ee5c8d7\" data-element_type=\"section\" data-settings=\"{&quot;background_background&quot;:&quot;classic&quot;}\">\n\t\t\t\t\t\t<div class=\"elementor-container elementor-column-gap-default\">\n\t\t\t\t\t<div class=\"elementor-column elementor-col-50 elementor-top-column elementor-element elementor-element-30b6444 elementor-hidden-tablet elementor-hidden-mobile\" data-id=\"30b6444\" data-element_type=\"column\">\n\t\t\t<div class=\"elementor-widget-wrap\">\n\t\t\t\t\t\t\t<\/div>\n\t\t<\/div>\n\t\t\t\t<div class=\"elementor-column elementor-col-50 elementor-top-column elementor-element elementor-element-d125013\" data-id=\"d125013\" data-element_type=\"column\">\n\t\t\t<div class=\"elementor-widget-wrap elementor-element-populated\">\n\t\t\t\t\t\t<div class=\"elementor-element elementor-element-63c1bae elementor-widget elementor-widget-qi_addons_for_elementor_section_title\" data-id=\"63c1bae\" data-element_type=\"widget\" data-widget_type=\"qi_addons_for_elementor_section_title.default\">\n\t\t\t\t<div class=\"elementor-widget-container\">\n\t\t\t<div class=\"qodef-shortcode qodef-m  qodef-qi-section-title  qodef-decoration--italic  qodef-link--underline-draw qodef-subtitle-icon--left\">\n\t\t\t\t<h5 class=\"qodef-m-subtitle\">\n\t\tBienvenue cher.e Evonaute !\t\t\t<\/h5>\n\t\t\t\t\t<div class=\"qodef-m-text\"><p>Bienvenue \u00e0 toi qui parcoures les sentiers de l'\u00e9volution ! Que tu sois initi\u00e9.e aux myst\u00e8res de l'\u00e2me ou simple chercheur.se de v\u00e9rit\u00e9, tu es le\/la bienvenue dans ce sanctuaire de connaissance et de d\u00e9couverte.<\/p><p>Que ce site sanctuaire soit un phare dans l'oc\u00e9an de tes explorations spirituelles, te guidant avec douceur et bienveillance vers une meilleure compr\u00e9hension de toi-m\u00eame et du monde qui t'entoure.<\/p><\/div>\n\t<\/div>\n\t\t<\/div>\n\t\t\t\t<\/div>\n\t\t\t\t\t<\/div>\n\t\t<\/div>\n\t\t\t\t\t<\/div>\n\t\t<\/section>\n\t\t\t\t<section class=\"elementor-section elementor-top-section elementor-element elementor-element-594e40a elementor-section-full_width elementor-section-height-default elementor-section-height-default\" data-id=\"594e40a\" data-element_type=\"section\">\n\t\t\t\t\t\t<div class=\"elementor-container elementor-column-gap-default\">\n\t\t\t\t\t<div class=\"elementor-column elementor-col-33 elementor-top-column elementor-element elementor-element-14b57ff\" data-id=\"14b57ff\" data-element_type=\"column\" data-settings=\"{&quot;background_background&quot;:&quot;classic&quot;}\">\n\t\t\t<div class=\"elementor-widget-wrap elementor-element-populated\">\n\t\t\t\t\t\t<div class=\"elementor-element elementor-element-bb69003 elementor-widget elementor-widget-synastry_core_image_with_text\" data-id=\"bb69003\" data-element_type=\"widget\" data-widget_type=\"synastry_core_image_with_text.default\">\n\t\t\t\t<div class=\"elementor-widget-container\">\n\t\t\t<div class=\"qodef-shortcode qodef-m  qodef-image-with-text qodef-layout--text-below qodef-alignment--center  \">\n\t<div class=\"qodef-m-image\">\n\t\t\t<a itemprop=\"url\" href=\"#\" target=\"_self\" >\n\t\t\t<img fetchpriority=\"high\" decoding=\"async\" width=\"800\" height=\"1018\" src=\"https:\/\/bella-arcana.fr\/wp-content\/uploads\/2023\/03\/h4-png2.png\" class=\"attachment-full size-full\" alt=\"a\" srcset=\"https:\/\/bella-arcana.fr\/wp-content\/uploads\/2023\/03\/h4-png2.png 800w, https:\/\/bella-arcana.fr\/wp-content\/uploads\/2023\/03\/h4-png2-600x764.png 600w, https:\/\/bella-arcana.fr\/wp-content\/uploads\/2023\/03\/h4-png2-236x300.png 236w, https:\/\/bella-arcana.fr\/wp-content\/uploads\/2023\/03\/h4-png2-768x977.png 768w\" sizes=\"(max-width: 800px) 100vw, 800px\" \/>\t\t\t<\/a>\n\t<\/div>\n\t<div class=\"qodef-m-content\">\n\t\t\t<h4 class=\"qodef-m-title\" style=\"margin-top: 70px\">\n\t\t\t\t\t<a itemprop=\"url\" href=\"#\" target=\"_self\">\n\t\t\t\t\tL&#039;illustratrice\t\t\t\t\t<\/a>\n\t\t\t<\/h4>\n\t\t\t<p class=\"qodef-m-text\" >Lorem ipsum dolor sit amet, consectetur adipiscing elit, sed do eiusmod tempor. <\/p>\n\t\t<div class=\"qodef-m-button\" style=\"margin-top: 32px\">\n    <a class=\"qodef-shortcode qodef-m  qodef-button qodef-layout--textual  qodef-html--link \" href=\"#\" target=\"_self\"  >    <span class=\"qodef-m-icon\"><svg class=\"qodef-svg--btn-icon\" xmlns=\"http:\/\/www.w3.org\/2000\/svg\" width=\"12\" height=\"16\"><path d=\"M11.853 8.22a8.725 8.725 0 0 1-3.738-1.738c-1.119-1.122-1.7-4.435-2-6.312a.19.19 0 0 0-.379.005c-.264 1.924-.845 5.4-2.121 6.584A7.965 7.965 0 0 1 .147 8.252a.208.208 0 0 0 0 .4 8.083 8.083 0 0 1 3.86 1.946c.957 1.047 1.448 3.625 1.7 5.232a.19.19 0 0 0 .379-.005c.232-1.6.7-4.177 1.637-5.227a8.114 8.114 0 0 1 4.121-1.978.208.208 0 0 0 .009-.4Z\" fill=\"currentColor\"\/><\/svg><\/span>    <span class=\"qodef-m-text\">Learn more<\/span><\/a><\/div>\n\t<\/div>\n<\/div>\n\t\t<\/div>\n\t\t\t\t<\/div>\n\t\t\t\t\t<\/div>\n\t\t<\/div>\n\t\t\t\t<div class=\"elementor-column elementor-col-33 elementor-top-column elementor-element elementor-element-dc8bb0b\" data-id=\"dc8bb0b\" data-element_type=\"column\" data-settings=\"{&quot;background_background&quot;:&quot;classic&quot;}\">\n\t\t\t<div class=\"elementor-widget-wrap elementor-element-populated\">\n\t\t\t\t\t\t<div class=\"elementor-element elementor-element-06d5c89 elementor-widget elementor-widget-synastry_core_image_with_text\" data-id=\"06d5c89\" data-element_type=\"widget\" data-widget_type=\"synastry_core_image_with_text.default\">\n\t\t\t\t<div class=\"elementor-widget-container\">\n\t\t\t<div class=\"qodef-shortcode qodef-m  qodef-image-with-text qodef-layout--text-below qodef-alignment--center  \">\n\t<div class=\"qodef-m-image\">\n\t\t\t<a itemprop=\"url\" href=\"#\" target=\"_self\" >\n\t\t\t<img fetchpriority=\"high\" decoding=\"async\" width=\"800\" height=\"1018\" src=\"https:\/\/bella-arcana.fr\/wp-content\/uploads\/2023\/03\/h4-png2.png\" class=\"attachment-full size-full\" alt=\"a\" srcset=\"https:\/\/bella-arcana.fr\/wp-content\/uploads\/2023\/03\/h4-png2.png 800w, https:\/\/bella-arcana.fr\/wp-content\/uploads\/2023\/03\/h4-png2-600x764.png 600w, https:\/\/bella-arcana.fr\/wp-content\/uploads\/2023\/03\/h4-png2-236x300.png 236w, https:\/\/bella-arcana.fr\/wp-content\/uploads\/2023\/03\/h4-png2-768x977.png 768w\" sizes=\"(max-width: 800px) 100vw, 800px\" \/>\t\t\t<\/a>\n\t<\/div>\n\t<div class=\"qodef-m-content\">\n\t\t\t<h4 class=\"qodef-m-title\" style=\"margin-top: 70px\">\n\t\t\t\t\t<a itemprop=\"url\" href=\"#\" target=\"_self\">\n\t\t\t\t\tL&#039;auteure\t\t\t\t\t<\/a>\n\t\t\t<\/h4>\n\t\t\t<p class=\"qodef-m-text\" >Lorem ipsum dolor sit amet, consectetur adipiscing elit, sed do eiusmod tempor. <\/p>\n\t\t<div class=\"qodef-m-button\" style=\"margin-top: 32px\">\n    <a class=\"qodef-shortcode qodef-m  qodef-button qodef-layout--textual  qodef-html--link \" href=\"#\" target=\"_self\"  >    <span class=\"qodef-m-icon\"><svg class=\"qodef-svg--btn-icon\" xmlns=\"http:\/\/www.w3.org\/2000\/svg\" width=\"12\" height=\"16\"><path d=\"M11.853 8.22a8.725 8.725 0 0 1-3.738-1.738c-1.119-1.122-1.7-4.435-2-6.312a.19.19 0 0 0-.379.005c-.264 1.924-.845 5.4-2.121 6.584A7.965 7.965 0 0 1 .147 8.252a.208.208 0 0 0 0 .4 8.083 8.083 0 0 1 3.86 1.946c.957 1.047 1.448 3.625 1.7 5.232a.19.19 0 0 0 .379-.005c.232-1.6.7-4.177 1.637-5.227a8.114 8.114 0 0 1 4.121-1.978.208.208 0 0 0 .009-.4Z\" fill=\"currentColor\"\/><\/svg><\/span>    <span class=\"qodef-m-text\">Learn more<\/span><\/a><\/div>\n\t<\/div>\n<\/div>\n\t\t<\/div>\n\t\t\t\t<\/div>\n\t\t\t\t\t<\/div>\n\t\t<\/div>\n\t\t\t\t<div class=\"elementor-column elementor-col-33 elementor-top-column elementor-element elementor-element-2b13bde\" data-id=\"2b13bde\" data-element_type=\"column\" data-settings=\"{&quot;background_background&quot;:&quot;classic&quot;}\">\n\t\t\t<div class=\"elementor-widget-wrap elementor-element-populated\">\n\t\t\t\t\t\t<div class=\"elementor-element elementor-element-bc0cb18 elementor-widget elementor-widget-synastry_core_image_with_text\" data-id=\"bc0cb18\" data-element_type=\"widget\" data-widget_type=\"synastry_core_image_with_text.default\">\n\t\t\t\t<div class=\"elementor-widget-container\">\n\t\t\t<div class=\"qodef-shortcode qodef-m  qodef-image-with-text qodef-layout--text-below qodef-alignment--center  \">\n\t<div class=\"qodef-m-image\">\n\t\t\t<a itemprop=\"url\" href=\"#\" target=\"_self\" >\n\t\t\t<img fetchpriority=\"high\" decoding=\"async\" width=\"800\" height=\"1018\" src=\"https:\/\/bella-arcana.fr\/wp-content\/uploads\/2023\/03\/h4-png2.png\" class=\"attachment-full size-full\" alt=\"a\" srcset=\"https:\/\/bella-arcana.fr\/wp-content\/uploads\/2023\/03\/h4-png2.png 800w, https:\/\/bella-arcana.fr\/wp-content\/uploads\/2023\/03\/h4-png2-600x764.png 600w, https:\/\/bella-arcana.fr\/wp-content\/uploads\/2023\/03\/h4-png2-236x300.png 236w, https:\/\/bella-arcana.fr\/wp-content\/uploads\/2023\/03\/h4-png2-768x977.png 768w\" sizes=\"(max-width: 800px) 100vw, 800px\" \/>\t\t\t<\/a>\n\t<\/div>\n\t<div class=\"qodef-m-content\">\n\t\t\t<h4 class=\"qodef-m-title\" style=\"margin-top: 70px\">\n\t\t\t\t\t<a itemprop=\"url\" href=\"#\" target=\"_self\">\n\t\t\t\t\tL&#039;illustratrice\t\t\t\t\t<\/a>\n\t\t\t<\/h4>\n\t\t\t<p class=\"qodef-m-text\" >Lorem ipsum dolor sit amet, consectetur adipiscing elit, sed do eiusmod tempor. <\/p>\n\t\t<div class=\"qodef-m-button\" style=\"margin-top: 32px\">\n    <a class=\"qodef-shortcode qodef-m  qodef-button qodef-layout--textual  qodef-html--link \" href=\"#\" target=\"_self\"  >    <span class=\"qodef-m-icon\"><svg class=\"qodef-svg--btn-icon\" xmlns=\"http:\/\/www.w3.org\/2000\/svg\" width=\"12\" height=\"16\"><path d=\"M11.853 8.22a8.725 8.725 0 0 1-3.738-1.738c-1.119-1.122-1.7-4.435-2-6.312a.19.19 0 0 0-.379.005c-.264 1.924-.845 5.4-2.121 6.584A7.965 7.965 0 0 1 .147 8.252a.208.208 0 0 0 0 .4 8.083 8.083 0 0 1 3.86 1.946c.957 1.047 1.448 3.625 1.7 5.232a.19.19 0 0 0 .379-.005c.232-1.6.7-4.177 1.637-5.227a8.114 8.114 0 0 1 4.121-1.978.208.208 0 0 0 .009-.4Z\" fill=\"currentColor\"\/><\/svg><\/span>    <span class=\"qodef-m-text\">Learn more<\/span><\/a><\/div>\n\t<\/div>\n<\/div>\n\t\t<\/div>\n\t\t\t\t<\/div>\n\t\t\t\t\t<\/div>\n\t\t<\/div>\n\t\t\t\t\t<\/div>\n\t\t<\/section>\n\t\t<div class=\"elementor-element elementor-element-f00b214 e-flex e-con-boxed e-con e-parent\" data-id=\"f00b214\" data-element_type=\"container\" data-settings=\"{&quot;content_width&quot;:&quot;boxed&quot;}\" data-core-v316-plus=\"true\">\n\t\t\t\t\t<div class=\"e-con-inner\">\n\t\t<div class=\"elementor-element elementor-element-b274b9a e-con-full e-flex e-con e-child\" data-id=\"b274b9a\" data-element_type=\"container\" data-settings=\"{&quot;content_width&quot;:&quot;full&quot;}\">\n\t\t\t\t<\/div>\n\t\t<div class=\"elementor-element elementor-element-31ad7ae e-con-full e-flex e-con e-child\" data-id=\"31ad7ae\" data-element_type=\"container\" data-settings=\"{&quot;content_width&quot;:&quot;full&quot;}\">\n\t\t\t\t<div class=\"elementor-element elementor-element-d0d59c8 elementor-widget elementor-widget-qi_addons_for_elementor_animated_text\" data-id=\"d0d59c8\" data-element_type=\"widget\" data-widget_type=\"qi_addons_for_elementor_animated_text.default\">\n\t\t\t\t<div class=\"elementor-widget-container\">\n\t\t\t<div class=\"qodef-shortcode qodef-m  qodef-qi-animated-text  qodef--alignment-center qodef-qi--has-appear qodef--appear-from-bottom\" >\n\t\t<h2 class=\"qodef-m-title\">\n\t\tLe Taroracle\t<\/h2>\n<\/div>\n\t\t<\/div>\n\t\t\t\t<\/div>\n\t\t\t\t<div class=\"elementor-element elementor-element-3616b7a elementor-widget elementor-widget-synastry_core_single_image\" data-id=\"3616b7a\" data-element_type=\"widget\" data-widget_type=\"synastry_core_single_image.default\">\n\t\t\t\t<div class=\"elementor-widget-container\">\n\t\t\t<div class=\"qodef-shortcode qodef-m  qodef-single-image qodef-layout--default   \">\n\t\t\t<div class=\"qodef-m-image\">\n\t\t\t\t\t\t\t\t<img decoding=\"async\" width=\"814\" height=\"1200\" src=\"https:\/\/bella-arcana.fr\/wp-content\/uploads\/2024\/03\/arcane43.jpg\" class=\"attachment-full size-full\" alt=\"\" srcset=\"https:\/\/bella-arcana.fr\/wp-content\/uploads\/2024\/03\/arcane43.jpg 814w, https:\/\/bella-arcana.fr\/wp-content\/uploads\/2024\/03\/arcane43-204x300.jpg 204w, https:\/\/bella-arcana.fr\/wp-content\/uploads\/2024\/03\/arcane43-695x1024.jpg 695w, https:\/\/bella-arcana.fr\/wp-content\/uploads\/2024\/03\/arcane43-768x1132.jpg 768w, https:\/\/bella-arcana.fr\/wp-content\/uploads\/2024\/03\/arcane43-600x885.jpg 600w\" sizes=\"(max-width: 814px) 100vw, 814px\" \/>\t\t\t\t\t\t\t<\/div>\n\t<\/div>\n\t\t<\/div>\n\t\t\t\t<\/div>\n\t\t\t\t<\/div>\n\t\t<div class=\"elementor-element elementor-element-a3f82e4 e-con-full e-flex e-con e-child\" data-id=\"a3f82e4\" data-element_type=\"container\" data-settings=\"{&quot;content_width&quot;:&quot;full&quot;}\">\n\t\t\t\t<\/div>\n\t\t\t\t\t<\/div>\n\t\t\t\t<\/div>\n\t\t<div class=\"elementor-element elementor-element-30a0a39 e-flex e-con-boxed e-con e-parent\" data-id=\"30a0a39\" data-element_type=\"container\" data-settings=\"{&quot;content_width&quot;:&quot;boxed&quot;}\" data-core-v316-plus=\"true\">\n\t\t\t\t\t<div class=\"e-con-inner\">\n\t\t\t\t<div class=\"elementor-element elementor-element-84961eb elementor-widget-divider--view-line elementor-widget elementor-widget-divider\" data-id=\"84961eb\" data-element_type=\"widget\" data-widget_type=\"divider.default\">\n\t\t\t\t<div class=\"elementor-widget-container\">\n\t\t\t<style>\/*! elementor - v3.19.0 - 28-02-2024 *\/\n.elementor-widget-divider{--divider-border-style:none;--divider-border-width:1px;--divider-color:#0c0d0e;--divider-icon-size:20px;--divider-element-spacing:10px;--divider-pattern-height:24px;--divider-pattern-size:20px;--divider-pattern-url:none;--divider-pattern-repeat:repeat-x}.elementor-widget-divider .elementor-divider{display:flex}.elementor-widget-divider .elementor-divider__text{font-size:15px;line-height:1;max-width:95%}.elementor-widget-divider .elementor-divider__element{margin:0 var(--divider-element-spacing);flex-shrink:0}.elementor-widget-divider .elementor-icon{font-size:var(--divider-icon-size)}.elementor-widget-divider .elementor-divider-separator{display:flex;margin:0;direction:ltr}.elementor-widget-divider--view-line_icon .elementor-divider-separator,.elementor-widget-divider--view-line_text .elementor-divider-separator{align-items:center}.elementor-widget-divider--view-line_icon .elementor-divider-separator:after,.elementor-widget-divider--view-line_icon .elementor-divider-separator:before,.elementor-widget-divider--view-line_text .elementor-divider-separator:after,.elementor-widget-divider--view-line_text .elementor-divider-separator:before{display:block;content:\"\";border-block-end:0;flex-grow:1;border-block-start:var(--divider-border-width) var(--divider-border-style) var(--divider-color)}.elementor-widget-divider--element-align-left .elementor-divider .elementor-divider-separator>.elementor-divider__svg:first-of-type{flex-grow:0;flex-shrink:100}.elementor-widget-divider--element-align-left .elementor-divider-separator:before{content:none}.elementor-widget-divider--element-align-left .elementor-divider__element{margin-left:0}.elementor-widget-divider--element-align-right .elementor-divider .elementor-divider-separator>.elementor-divider__svg:last-of-type{flex-grow:0;flex-shrink:100}.elementor-widget-divider--element-align-right .elementor-divider-separator:after{content:none}.elementor-widget-divider--element-align-right .elementor-divider__element{margin-right:0}.elementor-widget-divider--element-align-start .elementor-divider .elementor-divider-separator>.elementor-divider__svg:first-of-type{flex-grow:0;flex-shrink:100}.elementor-widget-divider--element-align-start .elementor-divider-separator:before{content:none}.elementor-widget-divider--element-align-start .elementor-divider__element{margin-inline-start:0}.elementor-widget-divider--element-align-end .elementor-divider .elementor-divider-separator>.elementor-divider__svg:last-of-type{flex-grow:0;flex-shrink:100}.elementor-widget-divider--element-align-end .elementor-divider-separator:after{content:none}.elementor-widget-divider--element-align-end .elementor-divider__element{margin-inline-end:0}.elementor-widget-divider:not(.elementor-widget-divider--view-line_text):not(.elementor-widget-divider--view-line_icon) .elementor-divider-separator{border-block-start:var(--divider-border-width) var(--divider-border-style) var(--divider-color)}.elementor-widget-divider--separator-type-pattern{--divider-border-style:none}.elementor-widget-divider--separator-type-pattern.elementor-widget-divider--view-line .elementor-divider-separator,.elementor-widget-divider--separator-type-pattern:not(.elementor-widget-divider--view-line) .elementor-divider-separator:after,.elementor-widget-divider--separator-type-pattern:not(.elementor-widget-divider--view-line) .elementor-divider-separator:before,.elementor-widget-divider--separator-type-pattern:not([class*=elementor-widget-divider--view]) .elementor-divider-separator{width:100%;min-height:var(--divider-pattern-height);-webkit-mask-size:var(--divider-pattern-size) 100%;mask-size:var(--divider-pattern-size) 100%;-webkit-mask-repeat:var(--divider-pattern-repeat);mask-repeat:var(--divider-pattern-repeat);background-color:var(--divider-color);-webkit-mask-image:var(--divider-pattern-url);mask-image:var(--divider-pattern-url)}.elementor-widget-divider--no-spacing{--divider-pattern-size:auto}.elementor-widget-divider--bg-round{--divider-pattern-repeat:round}.rtl .elementor-widget-divider .elementor-divider__text{direction:rtl}.e-con-inner>.elementor-widget-divider,.e-con>.elementor-widget-divider{width:var(--container-widget-width,100%);--flex-grow:var(--container-widget-flex-grow)}<\/style>\t\t<div class=\"elementor-divider\">\n\t\t\t<span class=\"elementor-divider-separator\">\n\t\t\t\t\t\t<\/span>\n\t\t<\/div>\n\t\t\t\t<\/div>\n\t\t\t\t<\/div>\n\t\t\t\t\t<\/div>\n\t\t\t\t<\/div>\n\t\t\t\t<section class=\"elementor-section elementor-top-section elementor-element elementor-element-12fc7dc elementor-section-full_width elementor-section-height-min-height elementor-section-height-default elementor-section-items-middle\" data-id=\"12fc7dc\" data-element_type=\"section\" data-settings=\"{&quot;background_background&quot;:&quot;classic&quot;}\">\n\t\t\t\t\t\t<div class=\"elementor-container elementor-column-gap-default\">\n\t\t\t\t\t<div class=\"elementor-column elementor-col-100 elementor-top-column elementor-element elementor-element-1519404\" data-id=\"1519404\" data-element_type=\"column\">\n\t\t\t<div class=\"elementor-widget-wrap elementor-element-populated\">\n\t\t\t\t<div class=\"elementor-element elementor-element-59fbde3 e-flex e-con-boxed e-con e-parent\" data-id=\"59fbde3\" data-element_type=\"container\" data-settings=\"{&quot;content_width&quot;:&quot;boxed&quot;}\" data-core-v316-plus=\"true\">\n\t\t\t\t\t<div class=\"e-con-inner\">\n\t\t<div class=\"elementor-element elementor-element-18fc485 e-con-full e-flex e-con e-child\" data-id=\"18fc485\" data-element_type=\"container\" data-settings=\"{&quot;content_width&quot;:&quot;full&quot;}\">\n\t\t\t\t<div class=\"elementor-element elementor-element-21f3295 elementor-widget elementor-widget-qi_addons_for_elementor_section_title\" data-id=\"21f3295\" data-element_type=\"widget\" data-widget_type=\"qi_addons_for_elementor_section_title.default\">\n\t\t\t\t<div class=\"elementor-widget-container\">\n\t\t\t<div class=\"qodef-shortcode qodef-m  qodef-qi-section-title  qodef-decoration--italic  qodef-link--underline-draw qodef-subtitle-icon--left\">\n\t\t\t\t<h5 class=\"qodef-m-subtitle\">\n\t\tUn voyage tarosophique\t\t\t<\/h5>\n\t\t\t\t\t<div class=\"qodef-m-text\"><p>\u00c0 travers les 78 arcanes de ce taroracle, je t'invite \u00e0 entreprendre un voyage profond et fascinant \u00e0 la rencontre de toi-m\u00eame. Chaque arcane est une porte ouverte vers l'exploration de tes \u00e9nergies, de tes d\u00e9sirs les plus profonds et des d\u00e9fis que tu rencontres sur ton chemin.<\/p><p>Mais ce n'est pas seulement oracle tarosophique. C'est un compagnon de route, un guide pr\u00e9cieux pour t'accompagner dans ta qu\u00eate int\u00e9rieure. Les outils et les pratiques qui lui sont associ\u00e9s t'aideront \u00e0 d\u00e9velopper ton intuition, \u00e0 te connecter \u00e0 ta sagesse int\u00e9rieure et \u00e0 t'\u00e9veiller \u00e0 de nouveaux horizons de compr\u00e9hension.<\/p><\/div>\n\t<\/div>\n\t\t<\/div>\n\t\t\t\t<\/div>\n\t\t\t\t<\/div>\n\t\t\t\t\t<\/div>\n\t\t\t\t<\/div>\n\t\t\t\t\t<\/div>\n\t\t<\/div>\n\t\t\t\t\t<\/div>\n\t\t<\/section>\n\t\t\t\t<\/div>\n\t\t","protected":false},"excerpt":{"rendered":"<p>&quot; Il d\u00e9pend de celui qui passe &#8211; Que je sois tombe ou tr\u00e9sor &#8211; Que je parle ou me taise &#8211; Ceci ne tient qu&#039;\u00e0 toi &#8211; Ami n&#039;entre pas sans d\u00e9sir. &quot; (Paul Val\u00e9ry) Bienvenue dans le monde des Arcanes cher.e \u00c9vonaute Bienvenue cher.e Evonaute ! Bienvenue \u00e0 toi qui parcoures les sentiers [&hellip;]<\/p>\n","protected":false},"author":1,"featured_media":9672,"parent":0,"menu_order":0,"comment_status":"closed","ping_status":"closed","template":"page-full-width.php","meta":{"footnotes":""},"class_list":["post-3194","page","type-page","status-publish","has-post-thumbnail","hentry"],"_links":{"self":[{"href":"https:\/\/bella-arcana.fr\/index.php\/wp-json\/wp\/v2\/pages\/3194"}],"collection":[{"href":"https:\/\/bella-arcana.fr\/index.php\/wp-json\/wp\/v2\/pages"}],"about":[{"href":"https:\/\/bella-arcana.fr\/index.php\/wp-json\/wp\/v2\/types\/page"}],"author":[{"embeddable":true,"href":"https:\/\/bella-arcana.fr\/index.php\/wp-json\/wp\/v2\/users\/1"}],"replies":[{"embeddable":true,"href":"https:\/\/bella-arcana.fr\/index.php\/wp-json\/wp\/v2\/comments?post=3194"}],"version-history":[{"count":34,"href":"https:\/\/bella-arcana.fr\/index.php\/wp-json\/wp\/v2\/pages\/3194\/revisions"}],"predecessor-version":[{"id":10140,"href":"https:\/\/bella-arcana.fr\/index.php\/wp-json\/wp\/v2\/pages\/3194\/revisions\/10140"}],"wp:featuredmedia":[{"embeddable":true,"href":"https:\/\/bella-arcana.fr\/index.php\/wp-json\/wp\/v2\/media\/9672"}],"wp:attachment":[{"href":"https:\/\/bella-arcana.fr\/index.php\/wp-json\/wp\/v2\/media?parent=3194"}],"curies":[{"name":"wp","href":"https:\/\/api.w.org\/{rel}","templated":true}]}}